{"id":453,"date":"2021-05-06T14:59:09","date_gmt":"2021-05-06T14:59:09","guid":{"rendered":"https:\/\/konnex.group\/nl\/datenschutzerklaerung\/"},"modified":"2025-01-09T11:49:08","modified_gmt":"2025-01-09T11:49:08","slug":"privacybeleid","status":"publish","type":"page","link":"https:\/\/konnex.group\/nl\/privacybeleid\/","title":{"rendered":"Privacybeleid"},"content":{"rendered":"<h2 class=\"wp-block-heading\" id=\"wie-zijn-wij\">Wie zijn wij:<\/h2>\n\n\n<p>KONNEX GmbH<br>Friedrichstrasse 295<br>42551 Velbert<br>Deutschland<\/p>\n\n\n\n<p>Tel.: +49 2051 20738-0<br>E-Mail: info@konnexgroup.de<br>Website: www.konnexgroup.de\/nl\/<\/p>\n\n\n<h2 class=\"wp-block-heading\" id=\"welke-persoonlijke-gegevens-we-verzamelen-en-waarom-we-dat-doen\">Welke persoonlijke gegevens we verzamelen en waarom we dat doen<\/h2>\n\n<h3 class=\"wp-block-heading\" id=\"cookies\">Cookies<\/h3>\n\n\n<p>Als u een account hebt en inlogt op deze website, plaatsen we een tijdelijke cookie om te bepalen of uw browser cookies accepteert. Deze cookie bevat geen persoonlijke gegevens en wordt verwijderd wanneer u uw browser afsluit.<\/p>\n\n\n\n<p>Wanneer u inlogt, stellen we een aantal cookies in om uw inloggegevens en weergaveopties op te slaan. Inlogcookies verlopen na twee dagen en cookies voor weergaveopties na een jaar. Als u bij het inloggen \u201cBlijf ingelogd\u201d selecteert, blijft uw login twee weken bewaard. Als u uitlogt bij uw account, worden de inlogcookies verwijderd.<\/p>\n\n\n<h2 class=\"wp-block-heading\" id=\"hoe-lang-we-uw-gegevens-bewaren\">Hoe lang we uw gegevens bewaren<\/h2>\n\n\n<p>Voor gebruikers die zich registreren op onze website, slaan we ook de persoonlijke informatie op die ze verstrekken in hun gebruikersprofiel. Alle gebruikers kunnen hun persoonlijke gegevens op elk moment bekijken, wijzigen of verwijderen (de gebruikersnaam kan niet worden gewijzigd). Websitebeheerders kunnen deze informatie ook bekijken en wijzigen.<\/p>\n\n\n<h2 class=\"wp-block-heading\" id=\"welke-rechten-u-hebt-op-uw-gegevens\">Welke rechten u hebt op uw gegevens<\/h2>\n\n\n<p>Als u een account hebt op deze website of opmerkingen hebt geschreven, kunt u ons verzoeken om een export van uw persoonlijke gegevens, inclusief alle gegevens die u aan ons hebt verstrekt. Daarnaast kunt u verzoeken om verwijdering van alle persoonlijke gegevens die wij over u hebben opgeslagen. Dit geldt niet voor gegevens die we moeten bewaren voor administratieve, juridische of beveiligingsdoeleinden.<\/p>\n\n\n<h2 class=\"wp-block-heading\" id=\"aanvullende-informatie\">Aanvullende informatie<\/h2>\n\n<h3 class=\"wp-block-heading\" id=\"hoe-we-uw-gegevens-beschermen\">Hoe we uw gegevens beschermen<\/h3>\n\n\n<p>In principe hebben alleen de beheerders van deze site toegang tot de door u verstrekte gegevens. Beheerders zijn enerzijds de medewerkers die de opdracht hebben gekregen om deze site te onderhouden en medewerkers van de verkoopafdeling van KONNEX GmbH. Alleen deze personen hebben toegang tot de gegevens die via deze site worden verwerkt.<\/p>\n\n\n\n<p>Dankzij de SSL-encryptie van deze website zijn alle gegevens die u op deze pagina invoert en, indien van toepassing, naar ons verzendt, beschermd tegen toegang door derden.<\/p>\n\n\n<h3 class=\"wp-block-heading\" id=\"welke-maatregelen-we-bieden-in-het-geval-van-datalekken\">Welke maatregelen we bieden in het geval van datalekken<\/h3>\n\n\n<p>U kunt te allen tijde een klacht indienen bij een toezichthoudende autoriteit, bijvoorbeeld bij de bevoegde toezichthoudende autoriteit in de deelstaat van uw woonplaats of bij de autoriteit die verantwoordelijk is voor ons als verwerkingsverantwoordelijke.<\/p>\n\n\n\n<p>Een lijst van toezichthoudende autoriteiten (voor de niet-publieke sector) met adressen is te vinden op: <a href=\"https:\/\/www.bfdi.bund.de\/DE\/Service\/Anschriften\/anschriften_node.html\" rel=\"nofollow\">https:\/\/www.bfdi.bund.de\/DE\/Service\/Anschriften\/anschriften_node.html<\/a><\/p>\n\n\n<h3 class=\"wp-block-heading\" id=\"vorausgesetzte-offenlegungspflichten-der-industrie\">Vorausgesetzte Offenlegungspflichten der Industrie<\/h3>\n\n\n<p>Wir sammeln Informationen \u00fcber Dich w\u00e4hrend des Bestellvorgangs in unserem Shop.<\/p>\n\n\n<h2 class=\"wp-block-heading\" id=\"was-wir-sammeln-und-speichern\">Was wir sammeln und speichern<\/h2>\n\n\n<p>W\u00e4hrend du unsere Website besuchst, zeichnen wir auf:<\/p>\n\n\n\n<ul class=\"wp-block-list\">\n<li>Angesehene Produkte: Hier zeigen wir dir Produkte, die du vor Kurzem angesehen hast.<\/li>\n\n\n\n<li>Standort, IP-Adresse und Browser-Typ: Wir verwenden dies f\u00fcr Zwecke wie die Sch\u00e4tzung von Steuern und Versandkosten<\/li>\n\n\n\n<li>Versandadresse: Wir werden dich auffordern, diese anzugeben, um beispielsweise die Versandkosten bestimmen zu k\u00f6nnen, bevor du eine Bestellung aufgibst, und dir die Bestellung zusenden zu k\u00f6nnen.<\/li>\n<\/ul>\n\n\n\n<p>Wir nutzen auch Cookies, um den Inhalt deines Warenkorbs zu verfolgen, w\u00e4hrend du unsere Website besuchst.<\/p>\n\n\n\n<p>Hinweis: Du solltest deine Cookie-Richtlinie mit weiteren Details erg\u00e4nzen und hier einen Link zu diesem Bereich setzen.<\/p>\n\n\n\n<p>Wenn du bei uns einkaufst, werden wir dich auffordern, Informationen wie deinen Namen, deine Rechnungs- und Versandadresse, deine E-Mail-Adresse und deine Telefonnummer, Kreditkartendaten\/Zahlungsdetails sowie optionale Kontoinformationen wie Benutzername und Kennwort anzugeben. Wir nutzen diese Informationen f\u00fcr folgende Zwecke:<\/p>\n\n\n\n<ul class=\"wp-block-list\">\n<li>Zusenden von Informationen \u00fcber dein Konto und Bestellung<\/li>\n\n\n\n<li>Antwort auf deine Anfragen, inklusive Erstattungen und Beschwerden<\/li>\n\n\n\n<li>Bearbeitung von Zahlungsvorg\u00e4ngen und Verhinderung von Betrug<\/li>\n\n\n\n<li>Richten Sie Ihr Konto f\u00fcr unseren Shop ein<\/li>\n\n\n\n<li>Einhaltung aller rechtlichen Verpflichtungen, beispielsweise die Steuerberechnung<\/li>\n\n\n\n<li>Verbesserung unsere Shop-Angebote<\/li>\n\n\n\n<li>Senden von Marketing-Nachrichten, wenn du diese erhalten m\u00f6chtest<\/li>\n<\/ul>\n\n\n\n<p>Wenn du ein Konto bei uns erstellst, speichern wir deinen Namen, deine Adresse, deine E-Mail-Adresse und deine Telefonnummer. Diese Angaben werden bei k\u00fcnftigen Bestellungen zum Ausf\u00fcllen der Bezahlinformationen verwendet.<\/p>\n\n\n\n<p>Wir speichern Informationen \u00fcber dich \u00fcblicherweise so lange, wie wir sie f\u00fcr den Zweck der Erfassung und Nutzung ben\u00f6tigen und verpflichtet sind, sie zu speichern. Beispielsweise speichern wir Bestellinformationen f\u00fcr 10 Jahre aus  Steuer- und Abrechnungsgr\u00fcnden. Dazu geh\u00f6rt dein Name, deine E-Mail-Adresse sowie deine Rechnungs- und Versandadresse.<\/p>\n\n\n<h2 class=\"wp-block-heading\" id=\"wer-aus-unserem-team-hat-zugang\">Wer aus unserem Team hat Zugang<\/h2>\n\n\n<p>Mitglieder unseres Teams haben Zugang zu den Informationen, die du uns zur Verf\u00fcgung stellst. Zum Beispiel k\u00f6nnen sowohl Administratoren als auch Shop-Manager auf Folgendes zugreifen:<\/p>\n\n\n\n<ul class=\"wp-block-list\">\n<li>Bestellinformationen wie gekaufte Produkte, der Zeitpunkt des Kaufs sowie die Versandadresse und<\/li>\n\n\n\n<li>Kundeninformationen wie dein Name, E-Mail-Adresse, sowie Rechnungs- und Versandinformationen.<\/li>\n<\/ul>\n\n\n\n<p>Unsere Teammitglieder haben Zugriff auf diese Informationen, um Bestellungen zu bearbeiten, R\u00fcckerstattungen vorzunehmen und Dich zu unterst\u00fctzen.<\/p>\n","protected":false},"excerpt":{"rendered":"<p>Wie zijn wij: KONNEX GmbHFriedrichstrasse 29542551 VelbertDeutschland Tel.: +49 2051 20738-0E-Mail: info@konnexgroup.deWebsite: www.konnexgroup.de\/nl\/ Welke persoonlijke gegevens we verzamelen en waarom we dat doen Cookies Als u een account hebt en inlogt op deze website, plaatsen we een tijdelijke cookie om te bepalen of uw browser cookies accepteert. Deze cookie bevat geen persoonlijke gegevens en wordt [&hellip;]<\/p>\n","protected":false},"author":1,"featured_media":0,"parent":0,"menu_order":0,"comment_status":"closed","ping_status":"closed","template":"","meta":{"_acf_changed":false,"_trash_the_other_posts":false,"editor_notices":[],"footnotes":""},"class_list":["post-453","page","type-page","status-publish","hentry"],"acf":[],"_links":{"self":[{"href":"https:\/\/konnex.group\/nl\/wp-json\/wp\/v2\/pages\/453","targetHints":{"allow":["GET"]}}],"collection":[{"href":"https:\/\/konnex.group\/nl\/wp-json\/wp\/v2\/pages"}],"about":[{"href":"https:\/\/konnex.group\/nl\/wp-json\/wp\/v2\/types\/page"}],"author":[{"embeddable":true,"href":"https:\/\/konnex.group\/nl\/wp-json\/wp\/v2\/users\/1"}],"replies":[{"embeddable":true,"href":"https:\/\/konnex.group\/nl\/wp-json\/wp\/v2\/comments?post=453"}],"version-history":[{"count":5,"href":"https:\/\/konnex.group\/nl\/wp-json\/wp\/v2\/pages\/453\/revisions"}],"predecessor-version":[{"id":1465,"href":"https:\/\/konnex.group\/nl\/wp-json\/wp\/v2\/pages\/453\/revisions\/1465"}],"wp:attachment":[{"href":"https:\/\/konnex.group\/nl\/wp-json\/wp\/v2\/media?parent=453"}],"curies":[{"name":"wp","href":"https:\/\/api.w.org\/{rel}","templated":true}]}}