{"id":435,"date":"2021-05-06T14:59:09","date_gmt":"2021-05-06T14:59:09","guid":{"rendered":"https:\/\/konnex.group\/en\/datenschutzerklaerung\/"},"modified":"2025-01-09T11:38:46","modified_gmt":"2025-01-09T11:38:46","slug":"privacy-policy","status":"publish","type":"page","link":"https:\/\/konnex.group\/en\/privacy-policy\/","title":{"rendered":"Privacy policy"},"content":{"rendered":"<h1 class=\"wp-block-heading\" id=\"wer-wir-sind\">Wer wir sind<\/h1>\n\n\n<p>KONNEX GmbH<br>Friedrichstrasse 295<br>42551 Velbert<br>Deutschland<\/p>\n\n\n\n<p>Tel.: +49 2051 20738-0<br>E-Mail: info@konnexgroup.de<br>Website: www.konnexgroup.de\/en\/<\/p>\n\n\n<h2 class=\"wp-block-heading\" id=\"welche-personenbezogenen-daten-wir-sammeln-und-warum-wir-sie-sammeln\">Welche personenbezogenen Daten wir sammeln und warum wir sie sammeln<\/h2>\n\n<h3 class=\"wp-block-heading\" id=\"cookies\">Cookies<\/h3>\n\n\n<p>Falls du ein Konto hast und dich auf dieser Website anmeldest, werden wir ein tempor\u00e4res Cookie setzen, um festzustellen, ob dein Browser Cookies akzeptiert. Dieses Cookie enth\u00e4lt keine personenbezogenen Daten und wird verworfen, wenn du deinen Browser schlie\u00dft.<\/p>\n\n\n\n<p>Wenn du dich anmeldest, werden wir einige Cookies einrichten, um deine Anmeldeinformationen und Anzeigeoptionen zu speichern. Anmelde-Cookies verfallen nach zwei Tagen und Cookies f\u00fcr die Anzeigeoptionen nach einem Jahr. Falls du bei der Anmeldung \u201eAngemeldet bleiben\u201c ausw\u00e4hlst, wird deine Anmeldung zwei Wochen lang aufrechterhalten. Mit der Abmeldung aus deinem Konto werden die Anmelde-Cookies gel\u00f6scht.<\/p>\n\n\n<h2 class=\"wp-block-heading\" id=\"wie-lange-wir-deine-daten-speichern\">Wie lange wir deine Daten speichern<\/h2>\n\n\n<p>F\u00fcr Benutzer, die sich auf unserer Website registrieren, speichern wir zus\u00e4tzlich die pers\u00f6nlichen Informationen, die sie in ihren Benutzerprofilen angeben. Alle Benutzer k\u00f6nnen jederzeit ihre pers\u00f6nlichen Informationen einsehen, ver\u00e4ndern oder l\u00f6schen (der Benutzername kann nicht ver\u00e4ndert werden). Administratoren der Website k\u00f6nnen diese Informationen ebenfalls einsehen und ver\u00e4ndern.<\/p>\n\n\n<h2 class=\"wp-block-heading\" id=\"welche-rechte-du-an-deinen-daten-hast\">Welche Rechte du an deinen Daten hast<\/h2>\n\n\n<p>Wenn du ein Konto auf dieser Website besitzt oder Kommentare geschrieben hast, kannst du einen Export deiner personenbezogenen Daten bei uns anfordern, inklusive aller Daten, die du uns mitgeteilt hast. Dar\u00fcber hinaus kannst du die L\u00f6schung aller personenbezogenen Daten, die wir von dir gespeichert haben, anfordern. Dies umfasst nicht die Daten, die wir aufgrund administrativer, rechtlicher oder sicherheitsrelevanter Notwendigkeiten aufbewahren m\u00fcssen.<\/p>\n\n\n<h2 class=\"wp-block-heading\" id=\"weitere-informationen\">Weitere Informationen<\/h2>\n\n<h3 class=\"wp-block-heading\" id=\"wie-wir-deine-daten-schutzen\">Wie wir deine Daten sch\u00fctzen<\/h3>\n\n\n<p>Grunds\u00e4tzlich haben nur die Administratoren dieser Seite Zugriff auf die von Ihnen angegeben Daten. Administratoren sind zum einen die Mitarbeiter die mit der Betreuung dieser Seite beauftragten worden sind sowie Mitarbeiter der Vertriebsabteilung der KONNEX GmbH. Nur diese Personen haben Zugriff auf die Daten, die \u00fcber diese Seite verarbeitet werden.<\/p>\n\n\n\n<p>Dank einer SSL-Verschl\u00fcsselung dieser Website sind alle Daten, die Sie auf dieser Seite eintragen und gegebenenfalls an uns \u00fcbermitteln vor dem Zugriff Dritter gesch\u00fctzt.<\/p>\n\n\n<h3 class=\"wp-block-heading\" id=\"welche-masnahmen-wir-bei-datenschutzverletzungen-anbieten\">Welche Ma\u00dfnahmen wir bei Datenschutzverletzungen anbieten<\/h3>\n\n\n<p>Sie k\u00f6nnen sich jederzeit mit einer Beschwerde an eine Aufsichtsbeh\u00f6rde wenden, z. B. an die zust\u00e4ndige Aufsichtsbeh\u00f6rde des Bundeslands Ihres Wohnsitzes oder an die f\u00fcr uns als verantwortliche Stelle zust\u00e4ndige Beh\u00f6rde.<\/p>\n\n\n\n<p>Eine Liste der Aufsichtsbeh\u00f6rden (f\u00fcr den nicht\u00f6ffentlichen Bereich) mit Anschrift finden Sie unter: <br><a href=\"https:\/\/www.bfdi.bund.de\/DE\/Service\/Anschriften\/anschriften_node.html\" rel=\"nofollow\">https:\/\/www.bfdi.bund.de\/DE\/Service\/Anschriften\/anschriften_node.html<\/a><\/p>\n\n\n<h3 class=\"wp-block-heading\" id=\"vorausgesetzte-offenlegungspflichten-der-industrie\">Vorausgesetzte Offenlegungspflichten der Industrie<\/h3>\n\n\n<p>Wir sammeln Informationen \u00fcber Dich w\u00e4hrend des Bestellvorgangs in unserem Shop.<\/p>\n\n\n<h2 class=\"wp-block-heading\" id=\"was-wir-sammeln-und-speichern\">Was wir sammeln und speichern<\/h2>\n\n\n<p>W\u00e4hrend du unsere Website besuchst, zeichnen wir auf:<\/p>\n\n\n\n<ul class=\"wp-block-list\">\n<li>Angesehene Produkte: Hier zeigen wir dir Produkte, die du vor Kurzem angesehen hast.<\/li>\n\n\n\n<li>Standort, IP-Adresse und Browser-Typ: Wir verwenden dies f\u00fcr Zwecke wie die Sch\u00e4tzung von Steuern und Versandkosten<\/li>\n\n\n\n<li>Versandadresse: Wir werden dich auffordern, diese anzugeben, um beispielsweise die Versandkosten bestimmen zu k\u00f6nnen, bevor du eine Bestellung aufgibst, und dir die Bestellung zusenden zu k\u00f6nnen.<\/li>\n<\/ul>\n\n\n\n<p>Wir nutzen auch Cookies, um den Inhalt deines Warenkorbs zu verfolgen, w\u00e4hrend du unsere Website besuchst.<\/p>\n\n\n\n<p>Hinweis: Du solltest deine Cookie-Richtlinie mit weiteren Details erg\u00e4nzen und hier einen Link zu diesem Bereich setzen.<\/p>\n\n\n\n<p>Wenn du bei uns einkaufst, werden wir dich auffordern, Informationen wie deinen Namen, deine Rechnungs- und Versandadresse, deine E-Mail-Adresse und deine Telefonnummer, Kreditkartendaten\/Zahlungsdetails sowie optionale Kontoinformationen wie Benutzername und Kennwort anzugeben. Wir nutzen diese Informationen f\u00fcr folgende Zwecke:<\/p>\n\n\n\n<ul class=\"wp-block-list\">\n<li>Zusenden von Informationen \u00fcber dein Konto und Bestellung<\/li>\n\n\n\n<li>Antwort auf deine Anfragen, inklusive Erstattungen und Beschwerden<\/li>\n\n\n\n<li>Bearbeitung von Zahlungsvorg\u00e4ngen und Verhinderung von Betrug<\/li>\n\n\n\n<li>Richten Sie Ihr Konto f\u00fcr unseren Shop ein<\/li>\n\n\n\n<li>Einhaltung aller rechtlichen Verpflichtungen, beispielsweise die Steuerberechnung<\/li>\n\n\n\n<li>Verbesserung unsere Shop-Angebote<\/li>\n\n\n\n<li>Senden von Marketing-Nachrichten, wenn du diese erhalten m\u00f6chtest<\/li>\n<\/ul>\n\n\n\n<p>Wenn du ein Konto bei uns erstellst, speichern wir deinen Namen, deine Adresse, deine E-Mail-Adresse und deine Telefonnummer. Diese Angaben werden bei k\u00fcnftigen Bestellungen zum Ausf\u00fcllen der Bezahlinformationen verwendet.<\/p>\n\n\n\n<p>Wir speichern Informationen \u00fcber dich \u00fcblicherweise so lange, wie wir sie f\u00fcr den Zweck der Erfassung und Nutzung ben\u00f6tigen und verpflichtet sind, sie zu speichern. Beispielsweise speichern wir Bestellinformationen f\u00fcr 10 Jahre aus  Steuer- und Abrechnungsgr\u00fcnden. Dazu geh\u00f6rt dein Name, deine E-Mail-Adresse sowie deine Rechnungs- und Versandadresse.<\/p>\n\n\n<h2 class=\"wp-block-heading\" id=\"wer-aus-unserem-team-hat-zugang\">Wer aus unserem Team hat Zugang<\/h2>\n\n\n<p>Mitglieder unseres Teams haben Zugang zu den Informationen, die du uns zur Verf\u00fcgung stellst. Zum Beispiel k\u00f6nnen sowohl Administratoren als auch Shop-Manager auf Folgendes zugreifen:<\/p>\n\n\n\n<ul class=\"wp-block-list\">\n<li>Bestellinformationen wie gekaufte Produkte, der Zeitpunkt des Kaufs sowie die Versandadresse und<\/li>\n\n\n\n<li>Kundeninformationen wie dein Name, E-Mail-Adresse, sowie Rechnungs- und Versandinformationen.<\/li>\n<\/ul>\n\n\n\n<p>Unsere Teammitglieder haben Zugriff auf diese Informationen, um Bestellungen zu bearbeiten, R\u00fcckerstattungen vorzunehmen und Dich zu unterst\u00fctzen.<\/p>\n","protected":false},"excerpt":{"rendered":"<p>Wer wir sind KONNEX GmbHFriedrichstrasse 29542551 VelbertDeutschland Tel.: +49 2051 20738-0E-Mail: info@konnexgroup.deWebsite: www.konnexgroup.de\/en\/ Welche personenbezogenen Daten wir sammeln und warum wir sie sammeln Cookies Falls du ein Konto hast und dich auf dieser Website anmeldest, werden wir ein tempor\u00e4res Cookie setzen, um festzustellen, ob dein Browser Cookies akzeptiert. Dieses Cookie enth\u00e4lt keine personenbezogenen Daten und [&hellip;]<\/p>\n","protected":false},"author":1,"featured_media":0,"parent":0,"menu_order":0,"comment_status":"closed","ping_status":"closed","template":"","meta":{"_acf_changed":false,"_trash_the_other_posts":false,"editor_notices":[],"footnotes":""},"class_list":["post-435","page","type-page","status-publish","hentry"],"acf":[],"_links":{"self":[{"href":"https:\/\/konnex.group\/en\/wp-json\/wp\/v2\/pages\/435","targetHints":{"allow":["GET"]}}],"collection":[{"href":"https:\/\/konnex.group\/en\/wp-json\/wp\/v2\/pages"}],"about":[{"href":"https:\/\/konnex.group\/en\/wp-json\/wp\/v2\/types\/page"}],"author":[{"embeddable":true,"href":"https:\/\/konnex.group\/en\/wp-json\/wp\/v2\/users\/1"}],"replies":[{"embeddable":true,"href":"https:\/\/konnex.group\/en\/wp-json\/wp\/v2\/comments?post=435"}],"version-history":[{"count":6,"href":"https:\/\/konnex.group\/en\/wp-json\/wp\/v2\/pages\/435\/revisions"}],"predecessor-version":[{"id":1415,"href":"https:\/\/konnex.group\/en\/wp-json\/wp\/v2\/pages\/435\/revisions\/1415"}],"wp:attachment":[{"href":"https:\/\/konnex.group\/en\/wp-json\/wp\/v2\/media?parent=435"}],"curies":[{"name":"wp","href":"https:\/\/api.w.org\/{rel}","templated":true}]}}